{"id":1092,"date":"2025-09-11T07:00:20","date_gmt":"2025-09-11T07:00:20","guid":{"rendered":"https:\/\/happyinaknit.com\/?page_id=1092"},"modified":"2025-10-27T17:55:18","modified_gmt":"2025-10-27T17:55:18","slug":"prekiu%cc%a8-pirkimo-pardavimo-taisykle%cc%87s","status":"publish","type":"page","link":"https:\/\/happyinaknit.com\/en\/prekiu%cc%a8-pirkimo-pardavimo-taisykle%cc%87s\/","title":{"rendered":"Terms and conditions"},"content":{"rendered":"<div data-elementor-type=\"wp-page\" data-elementor-id=\"1092\" class=\"elementor elementor-1092\" data-elementor-post-type=\"page\">\n\t\t\t\t\t\t<section class=\"elementor-section elementor-top-section elementor-element elementor-element-29bab13 elementor-section-boxed elementor-section-height-default elementor-section-height-default\" data-id=\"29bab13\" data-element_type=\"section\">\n\t\t\t\t\t\t<div class=\"elementor-container elementor-column-gap-default\">\n\t\t\t\t\t<div class=\"elementor-column elementor-col-100 elementor-top-column elementor-element elementor-element-46e7b9e\" data-id=\"46e7b9e\" data-element_type=\"column\">\n\t\t\t<div class=\"elementor-widget-wrap elementor-element-populated\">\n\t\t\t\t\t\t<div class=\"elementor-element elementor-element-75c560c elementor-widget elementor-widget-heading\" data-id=\"75c560c\" data-element_type=\"widget\" data-widget_type=\"heading.default\">\n\t\t\t\t\t<h2 class=\"elementor-heading-title elementor-size-default\">RULES FOR PURCHASE AND SALE OF GOODS<\/h2>\t\t\t\t<\/div>\n\t\t\t\t\t<\/div>\n\t\t<\/div>\n\t\t\t\t\t<\/div>\n\t\t<\/section>\n\t\t\t\t<section class=\"elementor-section elementor-top-section elementor-element elementor-element-4d87b0d elementor-section-boxed elementor-section-height-default elementor-section-height-default\" data-id=\"4d87b0d\" data-element_type=\"section\">\n\t\t\t\t\t\t<div class=\"elementor-container elementor-column-gap-default\">\n\t\t\t\t\t<div class=\"elementor-column elementor-col-100 elementor-top-column elementor-element elementor-element-e9ed63a\" data-id=\"e9ed63a\" data-element_type=\"column\">\n\t\t\t<div class=\"elementor-widget-wrap elementor-element-populated\">\n\t\t\t\t\t\t<div class=\"elementor-element elementor-element-5368a74 elementor-widget elementor-widget-text-editor\" data-id=\"5368a74\" data-element_type=\"widget\" data-widget_type=\"text-editor.default\">\n\t\t\t\t\t\t\t\t\t<p><strong><span style=\"font-family: arial, helvetica, sans-serif;\">1. General provisions<\/span><\/strong><\/p><p><span style=\"font-family: arial, helvetica, sans-serif;\">1.1. These online store rules (hereinafter referred to as the Rules) are a legally binding document for the Buyer purchasing from the https:\/\/www.happyinaknit.com online store and the Seller, MB \u201cSi\u016blai tau\u201d, a small partnership established and operating under the laws of the Republic of Lithuania, company code 306321763, address K. Donelai\u010dio g. 57-1, Kaunas (hereinafter referred to as the Seller), which establishes the rights and obligations of the Parties.<\/span><br \/><span style=\"font-family: arial, helvetica, sans-serif;\">1.2. The Seller reserves the right to change, amend or supplement these Rules at any time. The Buyer is informed about changes to the Rules on the website of the online store. <\/span><\/p><p><strong><span style=\"font-family: arial, helvetica, sans-serif;\">2. Conclusion of a purchase and sale agreement<\/span><\/strong><\/p><p><span style=\"font-family: arial, helvetica, sans-serif;\">2.1. The purchase and sale agreement between the Buyer and the Seller is considered concluded when the Buyer forms and submits an order for goods in the online store, having previously familiarized himself with these rules.<\/span><\/p><p><strong><span style=\"font-family: arial, helvetica, sans-serif;\">3. Seller&#039;s rights<\/span><\/strong><\/p><p><span style=\"font-family: arial, helvetica, sans-serif;\">3.1. In the event of important circumstances, the Seller may temporarily or completely suspend the operation of the online store without prior notice to the Buyer.<\/span><br \/><span style=\"font-family: arial, helvetica, sans-serif;\">3.2. If the Buyer attempts to undermine the operation, stability and security of the online store or violates his obligations, the Seller has the right to limit or suspend his access to the online store without warning.<\/span><\/p><p><strong><span style=\"font-family: arial, helvetica, sans-serif;\">4. Seller&#039;s obligations<\/span><\/strong><\/p><p><span style=\"font-family: arial, helvetica, sans-serif;\">4.1. The Seller undertakes to provide access to the services of the online store, the operating conditions of which are set out in these Rules.<\/span><br \/><span style=\"font-family: arial, helvetica, sans-serif;\">4.2. The Seller undertakes to deliver the goods purchased by the Buyer by the delivery method chosen by the Buyer, based on the conditions established by these Terms of Sale and Purchase.<\/span><br \/><span style=\"font-family: arial, helvetica, sans-serif;\">4.3. When, due to unforeseen circumstances, the Seller is unable to deliver the goods ordered in the online store, the Seller has the right to terminate the Purchase and Sale Agreement after informing the Buyer in advance. The Seller may offer a similar product. If the Buyer refuses, the Seller undertakes to refund the money paid within 3 business days.<\/span><br \/><span style=\"font-family: arial, helvetica, sans-serif;\">4.4. If the Buyer exercises the right provided for in clause 5.2 of the Rules, the Seller undertakes to refund the money paid to the Buyer within 5 (five) business days from the date of receipt of the returned goods.<\/span><br \/><span style=\"font-family: arial, helvetica, sans-serif;\">4.5. The Seller may not refund the amount paid by the Buyer until the goods are returned to the Seller or until the Buyer provides proof that the goods have been sent to the Seller, whichever occurs first.\u00a0<\/span><\/p><p><strong><span style=\"font-family: arial, helvetica, sans-serif;\">5. Buyer&#039;s rights<\/span><\/strong><\/p><p><span style=\"font-family: arial, helvetica, sans-serif;\">5.1. The Buyer has the right to purchase goods in the online store in accordance with these Rules.<\/span><br \/><span style=\"font-family: arial, helvetica, sans-serif;\">5.2. The Buyer has the right to withdraw from the contract for the purchase and sale of goods concluded in the online store by notifying the Seller in writing no later than 14 (fourteen) calendar days from the date of delivery of the goods.<\/span><br \/><span style=\"font-family: arial, helvetica, sans-serif;\">5.3. The Buyer may exercise the Buyer&#039;s right discussed in clause 5.2 only if the goods have not been damaged or their appearance has not substantially changed, and if they have not been used.<\/span><\/p><p><strong><span style=\"font-family: arial, helvetica, sans-serif;\">6. Buyer&#039;s obligations<\/span><\/strong><\/p><p><span style=\"font-family: arial, helvetica, sans-serif;\">6.1. The Buyer must pay for the purchased goods and accept them in accordance with the procedure provided for in these Rules.<\/span><br \/><span style=\"font-family: arial, helvetica, sans-serif;\">6.2. If the Buyer, upon delivery of the goods, refuses to accept the goods without good reason, upon the Seller&#039;s request, the Buyer must cover the costs of returning the goods.<\/span><br \/><span style=\"font-family: arial, helvetica, sans-serif;\">6.3. Upon delivery of the Goods to the Buyer, the Buyer must check the condition of the shipment and the goods(s) together with the Seller or the person who delivered the shipment.<\/span><br \/><span style=\"font-family: arial, helvetica, sans-serif;\">6.4. By using the online store, the Buyer confirms that he\/she agrees with these rules of purchase and sale and must comply with them.<\/span><\/p><p><strong><span style=\"font-family: arial, helvetica, sans-serif;\">7. Product prices<\/span><\/strong><\/p><p><span style=\"font-family: arial, helvetica, sans-serif;\">7.1. The prices of goods in the online store are indicated in euros. Prices are indicated including VAT. After confirming the order, the delivery fee, if applicable, is added to the total amount of the goods.<\/span><\/p><p><strong><span style=\"font-family: arial, helvetica, sans-serif;\">8. Ordering and paying for goods\u00a0<\/span><\/strong><\/p><p><span style=\"font-family: arial, helvetica, sans-serif;\">8.1. The Buyer, having visited the online store, selects the goods he likes, which he places in the shopping cart. After creating the shopping cart, the Buyer enters the personal data necessary for the execution of the order: his name, surname, address to which the goods will be delivered, telephone number and additional information that may be important for the delivery of the ordered goods. The Buyer confirms that he has read these rules and confirms the order.<\/span><br \/><span style=\"font-family: arial, helvetica, sans-serif;\">8.3. Payments can be made using Swed, Seb, Luminor, Citadele, \u0160iauli\u0173 bankas electronic banking services, and Visa \/ MasterCard payment cards. Payments are available in euros. Payments are processed using <a href=\"https:\/\/makecommerce.lt\/\">MakeCommerce.lt<\/a> payment platform.<\/span><\/p><p><strong><span style=\"font-family: arial, helvetica, sans-serif;\">9. Delivery of goods<\/span><\/strong><\/p><p><span style=\"font-family: arial, helvetica, sans-serif;\">9.1. When ordering goods, the Buyer must indicate the exact delivery address of the goods.<\/span><br \/><span style=\"font-family: arial, helvetica, sans-serif;\">9.2. The Buyer must accept the goods themselves. If the Buyer is unable to accept the goods themselves, but the goods are delivered to the address specified by the Buyer, the Buyer has no right to make claims regarding the goods delivered to the wrong person.<br \/><\/span><span style=\"font-family: arial, helvetica, sans-serif;\">9.3. The Seller delivers the goods to the Buyer in accordance with the terms specified in the product descriptions. <\/span><br \/><span style=\"font-family: arial, helvetica, sans-serif;\">\u2013 We ship orders within 1-2 days after receiving payment.<\/span><\/p><p class=\"p1\"><strong><span style=\"font-family: arial, helvetica, sans-serif;\">\u2013 Shipping prices in Lithuania:<br \/><\/span><\/strong><span style=\"font-family: arial, helvetica, sans-serif;\">Omniva parcel machines \u20ac3.00;<br \/><\/span><span style=\"font-family: arial, helvetica, sans-serif;\">Omniva courier \u20ac5.95;<br \/><\/span><span style=\"font-family: arial, helvetica, sans-serif;\">LP parcel machines \u20ac2.00;<br \/><\/span><span style=\"font-family: arial, helvetica, sans-serif;\">LP courier \u20ac5.95;<br \/><\/span><span style=\"font-family: arial, helvetica, sans-serif;\">DPD parcel machines \u20ac2.00;<br \/><\/span><span style=\"font-family: arial, helvetica, sans-serif;\">DPD courier \u20ac5.95;<\/span><\/p><p class=\"p1\"><strong><span style=\"font-family: arial, helvetica, sans-serif;\">- Shipping costs to Latvia:<\/span><\/strong><br \/><span style=\"font-family: arial, helvetica, sans-serif;\">DPD courier \u20ac8;<br \/><\/span><span style=\"font-family: arial, helvetica, sans-serif;\">DPD post offices<span class=\"Apple-converted-space\">\u00a0 <\/span>5 \u20ac;<br \/><\/span><span style=\"font-family: arial, helvetica, sans-serif;\">Omniva courier \u20ac8;<br \/><\/span><span style=\"font-family: arial, helvetica, sans-serif;\">Omniva post office \u20ac5;<br \/><\/span><span style=\"font-family: arial, helvetica, sans-serif;\">Lithuanian Post 8\u20ac<\/span><\/p><p><strong><span style=\"font-family: arial, helvetica, sans-serif;\">- Shipping costs to Estonia:<\/span><\/strong><br \/><span style=\"font-family: arial, helvetica, sans-serif;\">DPD courier \u20ac8;<br \/><\/span><span style=\"font-family: arial, helvetica, sans-serif;\">DPD parcel machines \u20ac8;<br \/><\/span><span style=\"font-family: arial, helvetica, sans-serif;\">Omniva courier \u20ac8;<br \/><\/span><span style=\"font-family: arial, helvetica, sans-serif;\">Omniva parcel machines \u20ac8;<br \/><\/span><span style=\"font-family: arial, helvetica, sans-serif;\">Lithuanian Post 8\u20ac<\/span><\/p><p><strong><span style=\"font-family: arial, helvetica, sans-serif;\">\u2013 Shipping cost to Poland:<\/span><\/strong><br \/><span style=\"font-family: arial, helvetica, sans-serif;\">DPD courier \u20ac12;<br \/><\/span><span style=\"font-family: arial, helvetica, sans-serif;\">DPD parcel machines \u20ac12;<br \/><\/span><span style=\"font-family: arial, helvetica, sans-serif;\">Lithuanian Post 8\u20ac<\/span><\/p><p class=\"p1\"><strong><span style=\"font-family: arial, helvetica, sans-serif;\">\u2013 Shipping cost to other countries not listed above:<\/span><\/strong><\/p><p class=\"p1\"><span style=\"font-family: arial, helvetica, sans-serif;\">Lithuanian Post (non-EU countries) 18\u20ac<\/span><br \/><span style=\"font-family: arial, helvetica, sans-serif;\">Lithuanian passport (for European Union countries) \u20ac8<\/span><\/p><p class=\"p1\"><span style=\"font-family: arial, helvetica, sans-serif;\">- Orders over \u20ac70 are shipped free of charge in Lithuania.<\/span><\/p><p class=\"p1\"><span style=\"font-family: arial, helvetica, sans-serif;\">9.4. The characteristics of all goods sold are indicated in the description of each item. The Seller is not responsible for the fact that the color, shape or other parameters of the goods in the online store may not correspond to the actual size, shape and color of the goods due to the characteristics of the monitor used by the Buyer.<\/span><br \/><span style=\"font-family: arial, helvetica, sans-serif;\">9.5. If the Buyer withdraws from the purchase and sale agreement, all amounts paid by the Buyer shall be refunded to the Buyer, including the delivery costs paid by the Buyer.<\/span><\/p><p><strong><span style=\"font-family: arial, helvetica, sans-serif;\">10. Return of goods<\/span><\/strong><\/p><p><span style=\"font-family: arial, helvetica, sans-serif;\">10.1. Quality goods can be returned within 14 days from the date of receipt. Defects in sold poor-quality goods are eliminated, poor-quality goods are replaced, and returned in accordance with the provisions of the Civil Code of the Republic of Lithuania.<\/span><br \/><span style=\"font-family: arial, helvetica, sans-serif;\">10.2. When returning goods, the following conditions must be met:<\/span><br \/><span style=\"font-family: arial, helvetica, sans-serif;\">10.2.1. The returned product must be in its original, neat packaging (this point does not apply in the case of a returned product of poor quality);<\/span><br \/><span style=\"font-family: arial, helvetica, sans-serif;\">10.2.2. The Product must be undamaged by the Buyer;<\/span><br \/><span style=\"font-family: arial, helvetica, sans-serif;\">10.2.3. The product must be unused and in good condition: the label must be intact, the protective film must not be torn off, etc. (this point does not apply in the case of a returned product of poor quality);<\/span><br \/><span style=\"font-family: arial, helvetica, sans-serif;\">10.2.4. The returned product must be in the same configuration as the one received by the Buyer (this clause does not apply in the case of a returned product of poor quality);<\/span><br \/><span style=\"font-family: arial, helvetica, sans-serif;\">10.2.5. The Seller has the right to refuse to accept the goods returned by the Buyer if the conditions for returning the goods have not been met;<\/span><br \/><span style=\"font-family: arial, helvetica, sans-serif;\">10.2.6. The return of goods is carried out in the manner determined by the Seller within 14 (fourteen) days from the date of receipt of the goods (this clause does not apply if the goods are of poor quality - in such a case, the return of goods is carried out within the statutory warranty period);<\/span><\/p><p><span style=\"font-family: arial, helvetica, sans-serif;\">10.3 If the wrong product is received and the buyer is informed, the seller will exchange the product at his own expense.<\/span><\/p><p><span style=\"font-family: arial, helvetica, sans-serif;\">10.4 If the buyer does not like the color of the item, the seller will exchange it for another color, provided that the item is returned in its original packaging and undamaged. Shipping costs are covered by the buyer.<\/span><br \/><span style=\"font-family: arial, helvetica, sans-serif;\">10.5. The return and exchange of goods of suitable quality is carried out in accordance with Part 1 of Article 6.22810 of the Civil Code;<\/span><br \/><span style=\"font-family: arial, helvetica, sans-serif;\">10.6. The money paid for goods accepted by the Buyer but later rejected shall be returned to the Buyer&#039;s account no later than within 5 (five) days from the date of return of the goods to the Seller, unless the Seller and the Buyer agree otherwise.\u00a0<\/span><br \/><span style=\"font-family: arial, helvetica, sans-serif;\">10.7. The goods must be returned to the address K. Donela\u010dio g 57-1, Kaunas LT-44245, Lithuania, after informing the buyer by e-mail info@happyinaknit.com. All shipping costs are paid by the buyer.<\/span><\/p><p><strong><span style=\"font-family: arial, helvetica, sans-serif;\">11. Final provisions<\/span><\/strong><\/p><p><span style=\"font-family: arial, helvetica, sans-serif;\">11.1. These Rules have been drawn up in accordance with the legal acts of the Republic of Lithuania.<\/span><br \/><span style=\"font-family: arial, helvetica, sans-serif;\">11.2. These Rules and the relations between the Parties in relation to these Rules shall be governed by and construed in accordance with the laws of the Republic of Lithuania.<\/span><br \/><span style=\"font-family: arial, helvetica, sans-serif;\">11.3. All disagreements arising from the implementation of these Rules shall be resolved through negotiations. If an agreement cannot be reached, disputes shall be resolved in accordance with the procedure established by the laws of the Republic of Lithuania.<\/span><br \/><span style=\"font-family: arial, helvetica, sans-serif;\">11.4. The Parties are exempted from the performance of their obligations under these Rules if they cannot be performed due to unforeseen circumstances beyond the control of the Parties (Force majeure).<\/span><\/p>\t\t\t\t\t\t\t\t<\/div>\n\t\t\t\t\t<\/div>\n\t\t<\/div>\n\t\t\t\t\t<\/div>\n\t\t<\/section>\n\t\t\t\t<\/div>","protected":false},"excerpt":{"rendered":"<p>PREKI\u0172 PIRKIMO &#8211; PARDAVIMO TAISYKL\u0116S 1. Bendrosios nuostatos 1.1. \u0160ios elektronin\u0117s parduotuv\u0117s taisykl\u0117s (toliau \u2013 Taisykl\u0117s) yra Pirk\u0117jui, perkan\u010diam https:\/\/www.happyinaknit.com elektronin\u0117je parduotuv\u0117je,\u00a0 ir Pardav\u0117jui, MB \u201eSi\u016blai tau\u201c, pagal Lietuvos Respublikos \u012fstatymus \u012fsteigta ir veikianti ma\u017eoji bendrija, \u012fmon\u0117s kodas 306321763, adresas K. Donelai\u010dio g. 57-1, Kaunas (toliau \u2013 Pardav\u0117jas) juridi\u0161kai privalomas dokumentas, kuriame nustatomos \u0160ali\u0173 teis\u0117s [&hellip;]<\/p>\n","protected":false},"author":1,"featured_media":0,"parent":0,"menu_order":0,"comment_status":"closed","ping_status":"closed","template":"elementor_header_footer","meta":{"_acf_changed":false,"footnotes":""},"class_list":["post-1092","page","type-page","status-publish","hentry"],"acf":[],"yoast_head":"<!-- This site is optimized with the Yoast SEO plugin v26.8 - https:\/\/yoast.com\/product\/yoast-seo-wordpress\/ -->\n<title>Prekiu\u0328 pirkimo-pardavimo taisykle\u0307s - Happyinaknit.com<\/title>\n<meta name=\"robots\" content=\"index, follow, max-snippet:-1, max-image-preview:large, max-video-preview:-1\" \/>\n<link rel=\"canonical\" href=\"https:\/\/happyinaknit.com\/en\/prekiu\u0328-pirkimo-pardavimo-taisykle\u0307s\/\" \/>\n<meta property=\"og:locale\" content=\"en_US\" \/>\n<meta property=\"og:type\" content=\"article\" \/>\n<meta property=\"og:title\" content=\"Prekiu\u0328 pirkimo-pardavimo taisykle\u0307s - Happyinaknit.com\" \/>\n<meta property=\"og:description\" content=\"PREKI\u0172 PIRKIMO &#8211; PARDAVIMO TAISYKL\u0116S 1. Bendrosios nuostatos 1.1. \u0160ios elektronin\u0117s parduotuv\u0117s taisykl\u0117s (toliau \u2013 Taisykl\u0117s) yra Pirk\u0117jui, perkan\u010diam https:\/\/www.happyinaknit.com elektronin\u0117je parduotuv\u0117je,\u00a0 ir Pardav\u0117jui, MB \u201eSi\u016blai tau\u201c, pagal Lietuvos Respublikos \u012fstatymus \u012fsteigta ir veikianti ma\u017eoji bendrija, \u012fmon\u0117s kodas 306321763, adresas K. Donelai\u010dio g. 57-1, Kaunas (toliau \u2013 Pardav\u0117jas) juridi\u0161kai privalomas dokumentas, kuriame nustatomos \u0160ali\u0173 teis\u0117s [&hellip;]\" \/>\n<meta property=\"og:url\" content=\"https:\/\/happyinaknit.com\/en\/prekiu\u0328-pirkimo-pardavimo-taisykle\u0307s\/\" \/>\n<meta property=\"og:site_name\" content=\"Happyinaknit.com\" \/>\n<meta property=\"article:modified_time\" content=\"2025-10-27T17:55:18+00:00\" \/>\n<meta name=\"twitter:card\" content=\"summary_large_image\" \/>\n<meta name=\"twitter:label1\" content=\"Est. reading time\" \/>\n\t<meta name=\"twitter:data1\" content=\"7 minutes\" \/>\n<script type=\"application\/ld+json\" class=\"yoast-schema-graph\">{\"@context\":\"https:\/\/schema.org\",\"@graph\":[{\"@type\":\"WebPage\",\"@id\":\"https:\/\/happyinaknit.com\/prekiu%cc%a8-pirkimo-pardavimo-taisykle%cc%87s\/\",\"url\":\"https:\/\/happyinaknit.com\/prekiu%cc%a8-pirkimo-pardavimo-taisykle%cc%87s\/\",\"name\":\"Prekiu\u0328 pirkimo-pardavimo taisykle\u0307s - Happyinaknit.com\",\"isPartOf\":{\"@id\":\"https:\/\/happyinaknit.com\/lt\/#website\"},\"datePublished\":\"2025-09-11T07:00:20+00:00\",\"dateModified\":\"2025-10-27T17:55:18+00:00\",\"breadcrumb\":{\"@id\":\"https:\/\/happyinaknit.com\/prekiu%cc%a8-pirkimo-pardavimo-taisykle%cc%87s\/#breadcrumb\"},\"inLanguage\":\"en-US\",\"potentialAction\":[{\"@type\":\"ReadAction\",\"target\":[\"https:\/\/happyinaknit.com\/prekiu%cc%a8-pirkimo-pardavimo-taisykle%cc%87s\/\"]}]},{\"@type\":\"BreadcrumbList\",\"@id\":\"https:\/\/happyinaknit.com\/prekiu%cc%a8-pirkimo-pardavimo-taisykle%cc%87s\/#breadcrumb\",\"itemListElement\":[{\"@type\":\"ListItem\",\"position\":1,\"name\":\"Home\",\"item\":\"https:\/\/happyinaknit.com\/lt\/\"},{\"@type\":\"ListItem\",\"position\":2,\"name\":\"Prekiu\u0328 pirkimo-pardavimo taisykle\u0307s\"}]},{\"@type\":\"WebSite\",\"@id\":\"https:\/\/happyinaknit.com\/lt\/#website\",\"url\":\"https:\/\/happyinaknit.com\/lt\/\",\"name\":\"Happyinaknit.com\",\"description\":\"\",\"potentialAction\":[{\"@type\":\"SearchAction\",\"target\":{\"@type\":\"EntryPoint\",\"urlTemplate\":\"https:\/\/happyinaknit.com\/lt\/?s={search_term_string}\"},\"query-input\":{\"@type\":\"PropertyValueSpecification\",\"valueRequired\":true,\"valueName\":\"search_term_string\"}}],\"inLanguage\":\"en-US\"}]}<\/script>\n<!-- \/ Yoast SEO plugin. -->","yoast_head_json":{"title":"Prekiu\u0328 pirkimo-pardavimo taisykle\u0307s - Happyinaknit.com","robots":{"index":"index","follow":"follow","max-snippet":"max-snippet:-1","max-image-preview":"max-image-preview:large","max-video-preview":"max-video-preview:-1"},"canonical":"https:\/\/happyinaknit.com\/en\/prekiu\u0328-pirkimo-pardavimo-taisykle\u0307s\/","og_locale":"en_US","og_type":"article","og_title":"Prekiu\u0328 pirkimo-pardavimo taisykle\u0307s - Happyinaknit.com","og_description":"PREKI\u0172 PIRKIMO &#8211; PARDAVIMO TAISYKL\u0116S 1. Bendrosios nuostatos 1.1. \u0160ios elektronin\u0117s parduotuv\u0117s taisykl\u0117s (toliau \u2013 Taisykl\u0117s) yra Pirk\u0117jui, perkan\u010diam https:\/\/www.happyinaknit.com elektronin\u0117je parduotuv\u0117je,\u00a0 ir Pardav\u0117jui, MB \u201eSi\u016blai tau\u201c, pagal Lietuvos Respublikos \u012fstatymus \u012fsteigta ir veikianti ma\u017eoji bendrija, \u012fmon\u0117s kodas 306321763, adresas K. Donelai\u010dio g. 57-1, Kaunas (toliau \u2013 Pardav\u0117jas) juridi\u0161kai privalomas dokumentas, kuriame nustatomos \u0160ali\u0173 teis\u0117s [&hellip;]","og_url":"https:\/\/happyinaknit.com\/en\/prekiu\u0328-pirkimo-pardavimo-taisykle\u0307s\/","og_site_name":"Happyinaknit.com","article_modified_time":"2025-10-27T17:55:18+00:00","twitter_card":"summary_large_image","twitter_misc":{"Est. reading time":"7 minutes"},"schema":{"@context":"https:\/\/schema.org","@graph":[{"@type":"WebPage","@id":"https:\/\/happyinaknit.com\/prekiu%cc%a8-pirkimo-pardavimo-taisykle%cc%87s\/","url":"https:\/\/happyinaknit.com\/prekiu%cc%a8-pirkimo-pardavimo-taisykle%cc%87s\/","name":"Prekiu\u0328 pirkimo-pardavimo taisykle\u0307s - Happyinaknit.com","isPartOf":{"@id":"https:\/\/happyinaknit.com\/lt\/#website"},"datePublished":"2025-09-11T07:00:20+00:00","dateModified":"2025-10-27T17:55:18+00:00","breadcrumb":{"@id":"https:\/\/happyinaknit.com\/prekiu%cc%a8-pirkimo-pardavimo-taisykle%cc%87s\/#breadcrumb"},"inLanguage":"en-US","potentialAction":[{"@type":"ReadAction","target":["https:\/\/happyinaknit.com\/prekiu%cc%a8-pirkimo-pardavimo-taisykle%cc%87s\/"]}]},{"@type":"BreadcrumbList","@id":"https:\/\/happyinaknit.com\/prekiu%cc%a8-pirkimo-pardavimo-taisykle%cc%87s\/#breadcrumb","itemListElement":[{"@type":"ListItem","position":1,"name":"Home","item":"https:\/\/happyinaknit.com\/lt\/"},{"@type":"ListItem","position":2,"name":"Prekiu\u0328 pirkimo-pardavimo taisykle\u0307s"}]},{"@type":"WebSite","@id":"https:\/\/happyinaknit.com\/lt\/#website","url":"https:\/\/happyinaknit.com\/lt\/","name":"Happyinaknit.com","description":"","potentialAction":[{"@type":"SearchAction","target":{"@type":"EntryPoint","urlTemplate":"https:\/\/happyinaknit.com\/lt\/?s={search_term_string}"},"query-input":{"@type":"PropertyValueSpecification","valueRequired":true,"valueName":"search_term_string"}}],"inLanguage":"en-US"}]}},"_links":{"self":[{"href":"https:\/\/happyinaknit.com\/en\/wp-json\/wp\/v2\/pages\/1092","targetHints":{"allow":["GET"]}}],"collection":[{"href":"https:\/\/happyinaknit.com\/en\/wp-json\/wp\/v2\/pages"}],"about":[{"href":"https:\/\/happyinaknit.com\/en\/wp-json\/wp\/v2\/types\/page"}],"author":[{"embeddable":true,"href":"https:\/\/happyinaknit.com\/en\/wp-json\/wp\/v2\/users\/1"}],"replies":[{"embeddable":true,"href":"https:\/\/happyinaknit.com\/en\/wp-json\/wp\/v2\/comments?post=1092"}],"version-history":[{"count":0,"href":"https:\/\/happyinaknit.com\/en\/wp-json\/wp\/v2\/pages\/1092\/revisions"}],"wp:attachment":[{"href":"https:\/\/happyinaknit.com\/en\/wp-json\/wp\/v2\/media?parent=1092"}],"curies":[{"name":"wp","href":"https:\/\/api.w.org\/{rel}","templated":true}]}}